{"id":5090,"date":"2025-04-27T10:46:48","date_gmt":"2025-04-27T10:46:48","guid":{"rendered":"https:\/\/cinemadautomne.fr\/?page_id=5090"},"modified":"2025-09-10T15:51:23","modified_gmt":"2025-09-10T15:51:23","slug":"affiches","status":"publish","type":"page","link":"https:\/\/cinemadautomne.fr\/?page_id=5090","title":{"rendered":"Affiches"},"content":{"rendered":"\n<h2 class=\"wp-block-heading\">Les affiches des \u00e9ditions pass\u00e9es :<\/h2>\n\n\n\n<figure class=\"wp-block-gallery has-nested-images columns-default is-cropped wp-block-gallery-1 is-layout-flex wp-block-gallery-is-layout-flex\">\n<figure class=\"wp-block-image size-large\"><a href=\"https:\/\/cinemadautomne.fr\/wp-content\/uploads\/2025\/04\/2024.jpg\" target=\"_blank\"><img fetchpriority=\"high\" decoding=\"async\" width=\"960\" height=\"1277\" data-id=\"5232\" src=\"https:\/\/cinemadautomne.fr\/wp-content\/uploads\/2025\/04\/2024-960x1277.jpg\" alt=\"\" class=\"wp-image-5232\" srcset=\"https:\/\/cinemadautomne.fr\/wp-content\/uploads\/2025\/04\/2024-960x1277.jpg 960w, https:\/\/cinemadautomne.fr\/wp-content\/uploads\/2025\/04\/2024-595x792.jpg 595w, https:\/\/cinemadautomne.fr\/wp-content\/uploads\/2025\/04\/2024-480x640.jpg 480w, https:\/\/cinemadautomne.fr\/wp-content\/uploads\/2025\/04\/2024-768x1022.jpg 768w, https:\/\/cinemadautomne.fr\/wp-content\/uploads\/2025\/04\/2024-1154x1536.jpg 1154w, https:\/\/cinemadautomne.fr\/wp-content\/uploads\/2025\/04\/2024-1539x2048.jpg 1539w, https:\/\/cinemadautomne.fr\/wp-content\/uploads\/2025\/04\/2024.jpg 1760w\" sizes=\"(max-width: 960px) 100vw, 960px\" \/><\/a><\/figure>\n\n\n\n<figure class=\"wp-block-image size-large\"><a href=\"https:\/\/cinemadautomne.fr\/wp-content\/uploads\/2025\/04\/2023.jpg\" target=\"_blank\"><img decoding=\"async\" width=\"960\" height=\"1357\" data-id=\"5229\" src=\"https:\/\/cinemadautomne.fr\/wp-content\/uploads\/2025\/04\/2023-960x1357.jpg\" alt=\"\" class=\"wp-image-5229\" srcset=\"https:\/\/cinemadautomne.fr\/wp-content\/uploads\/2025\/04\/2023-960x1357.jpg 960w, https:\/\/cinemadautomne.fr\/wp-content\/uploads\/2025\/04\/2023-595x841.jpg 595w, https:\/\/cinemadautomne.fr\/wp-content\/uploads\/2025\/04\/2023-768x1085.jpg 768w, https:\/\/cinemadautomne.fr\/wp-content\/uploads\/2025\/04\/2023-1087x1536.jpg 1087w, https:\/\/cinemadautomne.fr\/wp-content\/uploads\/2025\/04\/2023.jpg 1241w\" sizes=\"(max-width: 960px) 100vw, 960px\" \/><\/a><\/figure>\n\n\n\n<figure class=\"wp-block-image size-large\"><a href=\"https:\/\/cinemadautomne.fr\/wp-content\/uploads\/2025\/04\/2022.jpg\" target=\"_blank\"><img decoding=\"async\" width=\"960\" height=\"1205\" data-id=\"5226\" src=\"https:\/\/cinemadautomne.fr\/wp-content\/uploads\/2025\/04\/2022-960x1205.jpg\" alt=\"\" class=\"wp-image-5226\" srcset=\"https:\/\/cinemadautomne.fr\/wp-content\/uploads\/2025\/04\/2022-960x1205.jpg 960w, https:\/\/cinemadautomne.fr\/wp-content\/uploads\/2025\/04\/2022-595x747.jpg 595w, https:\/\/cinemadautomne.fr\/wp-content\/uploads\/2025\/04\/2022-768x964.jpg 768w, https:\/\/cinemadautomne.fr\/wp-content\/uploads\/2025\/04\/2022.jpg 1015w\" sizes=\"(max-width: 960px) 100vw, 960px\" \/><\/a><\/figure>\n\n\n\n<figure class=\"wp-block-image size-full\"><a href=\"https:\/\/cinemadautomne.fr\/wp-content\/uploads\/2025\/04\/2021.jpg\" target=\"_blank\"><img loading=\"lazy\" decoding=\"async\" width=\"759\" height=\"1075\" data-id=\"5227\" src=\"https:\/\/cinemadautomne.fr\/wp-content\/uploads\/2025\/04\/2021.jpg\" alt=\"\" class=\"wp-image-5227\" srcset=\"https:\/\/cinemadautomne.fr\/wp-content\/uploads\/2025\/04\/2021.jpg 759w, https:\/\/cinemadautomne.fr\/wp-content\/uploads\/2025\/04\/2021-595x843.jpg 595w\" sizes=\"(max-width: 759px) 100vw, 759px\" \/><\/a><\/figure>\n\n\n\n<figure class=\"wp-block-image size-full\"><a href=\"https:\/\/cinemadautomne.fr\/wp-content\/uploads\/2025\/04\/2020.png\" target=\"_blank\"><img loading=\"lazy\" decoding=\"async\" width=\"667\" height=\"1000\" data-id=\"5234\" src=\"https:\/\/cinemadautomne.fr\/wp-content\/uploads\/2025\/04\/2020.png\" alt=\"\" class=\"wp-image-5234\" srcset=\"https:\/\/cinemadautomne.fr\/wp-content\/uploads\/2025\/04\/2020.png 667w, https:\/\/cinemadautomne.fr\/wp-content\/uploads\/2025\/04\/2020-595x892.png 595w\" sizes=\"(max-width: 667px) 100vw, 667px\" \/><\/a><\/figure>\n\n\n\n<figure class=\"wp-block-image size-full\"><a href=\"https:\/\/cinemadautomne.fr\/wp-content\/uploads\/2025\/04\/2019.png\" target=\"_blank\"><img loading=\"lazy\" decoding=\"async\" width=\"707\" height=\"1000\" data-id=\"5235\" src=\"https:\/\/cinemadautomne.fr\/wp-content\/uploads\/2025\/04\/2019.png\" alt=\"\" class=\"wp-image-5235\" srcset=\"https:\/\/cinemadautomne.fr\/wp-content\/uploads\/2025\/04\/2019.png 707w, https:\/\/cinemadautomne.fr\/wp-content\/uploads\/2025\/04\/2019-595x842.png 595w\" sizes=\"(max-width: 707px) 100vw, 707px\" \/><\/a><\/figure>\n\n\n\n<figure class=\"wp-block-image size-large\"><a href=\"https:\/\/cinemadautomne.fr\/wp-content\/uploads\/2025\/04\/2018.jpg\" target=\"_blank\"><img loading=\"lazy\" decoding=\"async\" width=\"960\" height=\"1408\" data-id=\"5228\" src=\"https:\/\/cinemadautomne.fr\/wp-content\/uploads\/2025\/04\/2018-960x1408.jpg\" alt=\"\" class=\"wp-image-5228\" srcset=\"https:\/\/cinemadautomne.fr\/wp-content\/uploads\/2025\/04\/2018-960x1408.jpg 960w, https:\/\/cinemadautomne.fr\/wp-content\/uploads\/2025\/04\/2018-595x872.jpg 595w, https:\/\/cinemadautomne.fr\/wp-content\/uploads\/2025\/04\/2018-768x1126.jpg 768w, https:\/\/cinemadautomne.fr\/wp-content\/uploads\/2025\/04\/2018-1048x1536.jpg 1048w, https:\/\/cinemadautomne.fr\/wp-content\/uploads\/2025\/04\/2018.jpg 1364w\" sizes=\"(max-width: 960px) 100vw, 960px\" \/><\/a><\/figure>\n\n\n\n<figure class=\"wp-block-image size-large\"><a href=\"https:\/\/cinemadautomne.fr\/wp-content\/uploads\/2025\/04\/2017.jpg\" target=\"_blank\"><img loading=\"lazy\" decoding=\"async\" width=\"960\" height=\"1408\" data-id=\"5233\" src=\"https:\/\/cinemadautomne.fr\/wp-content\/uploads\/2025\/04\/2017-960x1408.jpg\" alt=\"\" class=\"wp-image-5233\" srcset=\"https:\/\/cinemadautomne.fr\/wp-content\/uploads\/2025\/04\/2017-960x1408.jpg 960w, https:\/\/cinemadautomne.fr\/wp-content\/uploads\/2025\/04\/2017-595x873.jpg 595w, https:\/\/cinemadautomne.fr\/wp-content\/uploads\/2025\/04\/2017-768x1127.jpg 768w, https:\/\/cinemadautomne.fr\/wp-content\/uploads\/2025\/04\/2017.jpg 1000w\" sizes=\"(max-width: 960px) 100vw, 960px\" \/><\/a><\/figure>\n\n\n\n<figure class=\"wp-block-image size-large\"><a href=\"https:\/\/cinemadautomne.fr\/wp-content\/uploads\/2025\/04\/2016.jpg\" target=\"_blank\"><img loading=\"lazy\" decoding=\"async\" width=\"960\" height=\"1280\" data-id=\"5231\" src=\"https:\/\/cinemadautomne.fr\/wp-content\/uploads\/2025\/04\/2016-960x1280.jpg\" alt=\"\" class=\"wp-image-5231\" srcset=\"https:\/\/cinemadautomne.fr\/wp-content\/uploads\/2025\/04\/2016-960x1280.jpg 960w, https:\/\/cinemadautomne.fr\/wp-content\/uploads\/2025\/04\/2016-595x793.jpg 595w, https:\/\/cinemadautomne.fr\/wp-content\/uploads\/2025\/04\/2016-480x640.jpg 480w, https:\/\/cinemadautomne.fr\/wp-content\/uploads\/2025\/04\/2016-768x1024.jpg 768w, https:\/\/cinemadautomne.fr\/wp-content\/uploads\/2025\/04\/2016-1152x1536.jpg 1152w, https:\/\/cinemadautomne.fr\/wp-content\/uploads\/2025\/04\/2016.jpg 1417w\" sizes=\"(max-width: 960px) 100vw, 960px\" \/><\/a><\/figure>\n\n\n\n<figure class=\"wp-block-image size-large\"><a href=\"https:\/\/cinemadautomne.fr\/wp-content\/uploads\/2025\/04\/2015.jpg\" target=\"_blank\"><img loading=\"lazy\" decoding=\"async\" width=\"960\" height=\"1358\" data-id=\"5230\" src=\"https:\/\/cinemadautomne.fr\/wp-content\/uploads\/2025\/04\/2015-960x1358.jpg\" alt=\"\" class=\"wp-image-5230\" srcset=\"https:\/\/cinemadautomne.fr\/wp-content\/uploads\/2025\/04\/2015-960x1358.jpg 960w, https:\/\/cinemadautomne.fr\/wp-content\/uploads\/2025\/04\/2015-595x842.jpg 595w, https:\/\/cinemadautomne.fr\/wp-content\/uploads\/2025\/04\/2015-768x1087.jpg 768w, https:\/\/cinemadautomne.fr\/wp-content\/uploads\/2025\/04\/2015-1086x1536.jpg 1086w, https:\/\/cinemadautomne.fr\/wp-content\/uploads\/2025\/04\/2015.jpg 1417w\" sizes=\"(max-width: 960px) 100vw, 960px\" \/><\/a><\/figure>\n\n\n\n<figure class=\"wp-block-image size-large\"><a href=\"https:\/\/cinemadautomne.fr\/wp-content\/uploads\/2025\/04\/2014.jpg\" target=\"_blank\"><img loading=\"lazy\" decoding=\"async\" width=\"960\" height=\"1320\" data-id=\"5225\" src=\"https:\/\/cinemadautomne.fr\/wp-content\/uploads\/2025\/04\/2014-960x1320.jpg\" alt=\"\" class=\"wp-image-5225\" srcset=\"https:\/\/cinemadautomne.fr\/wp-content\/uploads\/2025\/04\/2014-960x1320.jpg 960w, https:\/\/cinemadautomne.fr\/wp-content\/uploads\/2025\/04\/2014-595x818.jpg 595w, https:\/\/cinemadautomne.fr\/wp-content\/uploads\/2025\/04\/2014-768x1056.jpg 768w, https:\/\/cinemadautomne.fr\/wp-content\/uploads\/2025\/04\/2014-1117x1536.jpg 1117w, https:\/\/cinemadautomne.fr\/wp-content\/uploads\/2025\/04\/2014.jpg 1489w\" sizes=\"(max-width: 960px) 100vw, 960px\" \/><\/a><\/figure>\n<\/figure>\n<!-- AddThis Advanced Settings generic via filter on the_content --><!-- AddThis Share Buttons generic via filter on the_content -->","protected":false},"excerpt":{"rendered":"<p>Les affiches des \u00e9ditions pass\u00e9es :<!-- AddThis Advanced Settings generic via filter on get_the_excerpt --><!-- AddThis Share Buttons generic via filter on get_the_excerpt --><\/p>\n","protected":false},"author":4,"featured_media":0,"parent":5086,"menu_order":0,"comment_status":"closed","ping_status":"closed","template":"","meta":{"site-sidebar-layout":"default","site-content-layout":"","ast-site-content-layout":"default","site-content-style":"default","site-sidebar-style":"default","ast-global-header-display":"","ast-banner-title-visibility":"","ast-main-header-display":"","ast-hfb-above-header-display":"","ast-hfb-below-header-display":"","ast-hfb-mobile-header-display":"","site-post-title":"","ast-breadcrumbs-content":"","ast-featured-img":"","footer-sml-layout":"","theme-transparent-header-meta":"","adv-header-id-meta":"","stick-header-meta":"","header-above-stick-meta":"","header-main-stick-meta":"","header-below-stick-meta":"","astra-migrate-meta-layouts":"default","ast-page-background-enabled":"default","ast-page-background-meta":{"desktop":{"background-color":"var(--ast-global-color-5)","background-image":"","background-repeat":"repeat","background-position":"center center","background-size":"auto","background-attachment":"scroll","background-type":"","background-media":"","overlay-type":"","overlay-color":"","overlay-opacity":"","overlay-gradient":""},"tablet":{"background-color":"","background-image":"","background-repeat":"repeat","background-position":"center center","background-size":"auto","background-attachment":"scroll","background-type":"","background-media":"","overlay-type":"","overlay-color":"","overlay-opacity":"","overlay-gradient":""},"mobile":{"background-color":"","background-image":"","background-repeat":"repeat","background-position":"center center","background-size":"auto","background-attachment":"scroll","background-type":"","background-media":"","overlay-type":"","overlay-color":"","overlay-opacity":"","overlay-gradient":""}},"ast-content-background-meta":{"desktop":{"background-color":"var(--ast-global-color-4)","background-image":"","background-repeat":"repeat","background-position":"center center","background-size":"auto","background-attachment":"scroll","background-type":"","background-media":"","overlay-type":"","overlay-color":"","overlay-opacity":"","overlay-gradient":""},"tablet":{"background-color":"var(--ast-global-color-4)","background-image":"","background-repeat":"repeat","background-position":"center center","background-size":"auto","background-attachment":"scroll","background-type":"","background-media":"","overlay-type":"","overlay-color":"","overlay-opacity":"","overlay-gradient":""},"mobile":{"background-color":"var(--ast-global-color-4)","background-image":"","background-repeat":"repeat","background-position":"center center","background-size":"auto","background-attachment":"scroll","background-type":"","background-media":"","overlay-type":"","overlay-color":"","overlay-opacity":"","overlay-gradient":""}},"footnotes":""},"class_list":["post-5090","page","type-page","status-publish","hentry"],"yoast_head":"<!-- This site is optimized with the Yoast SEO plugin v25.5 - https:\/\/yoast.com\/wordpress\/plugins\/seo\/ -->\n<title>Affiches - Festival Cin\u00e9ma d&#039;ici<\/title>\n<meta name=\"description\" content=\"D\u00e9couvrez l&#039;univers du Cin\u00e9ma d&#039;Ici \u00e0 travers les affiches des pr\u00e9c\u00e9dentes \u00e9ditions.\" \/>\n<meta name=\"robots\" content=\"index, follow, max-snippet:-1, max-image-preview:large, max-video-preview:-1\" \/>\n<link rel=\"canonical\" href=\"https:\/\/cinemadautomne.fr\/?page_id=5090\" \/>\n<meta property=\"og:locale\" content=\"fr_FR\" \/>\n<meta property=\"og:type\" content=\"article\" \/>\n<meta property=\"og:title\" content=\"Affiches - Festival Cin\u00e9ma d&#039;ici\" \/>\n<meta property=\"og:description\" content=\"D\u00e9couvrez l&#039;univers du Cin\u00e9ma d&#039;Ici \u00e0 travers les affiches des pr\u00e9c\u00e9dentes \u00e9ditions.\" \/>\n<meta property=\"og:url\" content=\"https:\/\/cinemadautomne.fr\/?page_id=5090\" \/>\n<meta property=\"og:site_name\" content=\"Festival Cin\u00e9ma d&#039;ici\" \/>\n<meta property=\"article:publisher\" content=\"https:\/\/www.facebook.com\/cinemadautomne\" \/>\n<meta property=\"article:modified_time\" content=\"2025-09-10T15:51:23+00:00\" \/>\n<meta property=\"og:image\" content=\"https:\/\/cinemadautomne.fr\/wp-content\/uploads\/2025\/04\/2024.jpg\" \/>\n\t<meta property=\"og:image:width\" content=\"1760\" \/>\n\t<meta property=\"og:image:height\" content=\"2342\" \/>\n\t<meta property=\"og:image:type\" content=\"image\/jpeg\" \/>\n<meta name=\"twitter:card\" content=\"summary_large_image\" \/>\n<meta name=\"twitter:label1\" content=\"Dur\u00e9e de lecture estim\u00e9e\" \/>\n\t<meta name=\"twitter:data1\" content=\"3 minutes\" \/>\n<script type=\"application\/ld+json\" class=\"yoast-schema-graph\">{\"@context\":\"https:\/\/schema.org\",\"@graph\":[{\"@type\":\"WebPage\",\"@id\":\"https:\/\/cinemadautomne.fr\/?page_id=5090\",\"url\":\"https:\/\/cinemadautomne.fr\/?page_id=5090\",\"name\":\"Affiches - Festival Cin\u00e9ma d&#039;ici\",\"isPartOf\":{\"@id\":\"https:\/\/cinemadautomne.fr\/#website\"},\"primaryImageOfPage\":{\"@id\":\"https:\/\/cinemadautomne.fr\/?page_id=5090#primaryimage\"},\"image\":{\"@id\":\"https:\/\/cinemadautomne.fr\/?page_id=5090#primaryimage\"},\"thumbnailUrl\":\"https:\/\/cinemadautomne.fr\/wp-content\/uploads\/2025\/04\/2024-960x1277.jpg\",\"datePublished\":\"2025-04-27T10:46:48+00:00\",\"dateModified\":\"2025-09-10T15:51:23+00:00\",\"description\":\"D\u00e9couvrez l'univers du Cin\u00e9ma d'Ici \u00e0 travers les affiches des pr\u00e9c\u00e9dentes \u00e9ditions.\",\"breadcrumb\":{\"@id\":\"https:\/\/cinemadautomne.fr\/?page_id=5090#breadcrumb\"},\"inLanguage\":\"fr-FR\",\"potentialAction\":[{\"@type\":\"ReadAction\",\"target\":[\"https:\/\/cinemadautomne.fr\/?page_id=5090\"]}]},{\"@type\":\"ImageObject\",\"inLanguage\":\"fr-FR\",\"@id\":\"https:\/\/cinemadautomne.fr\/?page_id=5090#primaryimage\",\"url\":\"https:\/\/cinemadautomne.fr\/wp-content\/uploads\/2025\/04\/2024.jpg\",\"contentUrl\":\"https:\/\/cinemadautomne.fr\/wp-content\/uploads\/2025\/04\/2024.jpg\",\"width\":1760,\"height\":2342},{\"@type\":\"BreadcrumbList\",\"@id\":\"https:\/\/cinemadautomne.fr\/?page_id=5090#breadcrumb\",\"itemListElement\":[{\"@type\":\"ListItem\",\"position\":1,\"name\":\"Accueil\",\"item\":\"https:\/\/cinemadautomne.fr\/\"},{\"@type\":\"ListItem\",\"position\":2,\"name\":\"Galerie\",\"item\":\"https:\/\/cinemadautomne.fr\/?page_id=5086\"},{\"@type\":\"ListItem\",\"position\":3,\"name\":\"Affiches\"}]},{\"@type\":\"WebSite\",\"@id\":\"https:\/\/cinemadautomne.fr\/#website\",\"url\":\"https:\/\/cinemadautomne.fr\/\",\"name\":\"Festival Cin\u00e9ma d'ici\",\"description\":\"du 24 au 28 septembre \u00e0 Castelnaudary\",\"publisher\":{\"@id\":\"https:\/\/cinemadautomne.fr\/#organization\"},\"potentialAction\":[{\"@type\":\"SearchAction\",\"target\":{\"@type\":\"EntryPoint\",\"urlTemplate\":\"https:\/\/cinemadautomne.fr\/?s={search_term_string}\"},\"query-input\":{\"@type\":\"PropertyValueSpecification\",\"valueRequired\":true,\"valueName\":\"search_term_string\"}}],\"inLanguage\":\"fr-FR\"},{\"@type\":\"Organization\",\"@id\":\"https:\/\/cinemadautomne.fr\/#organization\",\"name\":\"Festival Cin\u00e9ma d'ici\",\"url\":\"https:\/\/cinemadautomne.fr\/\",\"logo\":{\"@type\":\"ImageObject\",\"inLanguage\":\"fr-FR\",\"@id\":\"https:\/\/cinemadautomne.fr\/#\/schema\/logo\/image\/\",\"url\":\"https:\/\/cinemadautomne.fr\/wp-content\/uploads\/2021\/09\/CinemaDAutomnedivers_LogoFinal_03LieDeVin_RVB_Plan-de-travail-1-e1631457910433.jpg\",\"contentUrl\":\"https:\/\/cinemadautomne.fr\/wp-content\/uploads\/2021\/09\/CinemaDAutomnedivers_LogoFinal_03LieDeVin_RVB_Plan-de-travail-1-e1631457910433.jpg\",\"width\":350,\"height\":223,\"caption\":\"Festival Cin\u00e9ma d'ici\"},\"image\":{\"@id\":\"https:\/\/cinemadautomne.fr\/#\/schema\/logo\/image\/\"},\"sameAs\":[\"https:\/\/www.facebook.com\/cinemadautomne\",\"https:\/\/www.instagram.com\/festivalcineautomne\/\"]}]}<\/script>\n<!-- \/ Yoast SEO plugin. -->","yoast_head_json":{"title":"Affiches - Festival Cin\u00e9ma d&#039;ici","description":"D\u00e9couvrez l'univers du Cin\u00e9ma d'Ici \u00e0 travers les affiches des pr\u00e9c\u00e9dentes \u00e9ditions.","robots":{"index":"index","follow":"follow","max-snippet":"max-snippet:-1","max-image-preview":"max-image-preview:large","max-video-preview":"max-video-preview:-1"},"canonical":"https:\/\/cinemadautomne.fr\/?page_id=5090","og_locale":"fr_FR","og_type":"article","og_title":"Affiches - Festival Cin\u00e9ma d&#039;ici","og_description":"D\u00e9couvrez l'univers du Cin\u00e9ma d'Ici \u00e0 travers les affiches des pr\u00e9c\u00e9dentes \u00e9ditions.","og_url":"https:\/\/cinemadautomne.fr\/?page_id=5090","og_site_name":"Festival Cin\u00e9ma d&#039;ici","article_publisher":"https:\/\/www.facebook.com\/cinemadautomne","article_modified_time":"2025-09-10T15:51:23+00:00","og_image":[{"width":1760,"height":2342,"url":"https:\/\/cinemadautomne.fr\/wp-content\/uploads\/2025\/04\/2024.jpg","type":"image\/jpeg"}],"twitter_card":"summary_large_image","twitter_misc":{"Dur\u00e9e de lecture estim\u00e9e":"3 minutes"},"schema":{"@context":"https:\/\/schema.org","@graph":[{"@type":"WebPage","@id":"https:\/\/cinemadautomne.fr\/?page_id=5090","url":"https:\/\/cinemadautomne.fr\/?page_id=5090","name":"Affiches - Festival Cin\u00e9ma d&#039;ici","isPartOf":{"@id":"https:\/\/cinemadautomne.fr\/#website"},"primaryImageOfPage":{"@id":"https:\/\/cinemadautomne.fr\/?page_id=5090#primaryimage"},"image":{"@id":"https:\/\/cinemadautomne.fr\/?page_id=5090#primaryimage"},"thumbnailUrl":"https:\/\/cinemadautomne.fr\/wp-content\/uploads\/2025\/04\/2024-960x1277.jpg","datePublished":"2025-04-27T10:46:48+00:00","dateModified":"2025-09-10T15:51:23+00:00","description":"D\u00e9couvrez l'univers du Cin\u00e9ma d'Ici \u00e0 travers les affiches des pr\u00e9c\u00e9dentes \u00e9ditions.","breadcrumb":{"@id":"https:\/\/cinemadautomne.fr\/?page_id=5090#breadcrumb"},"inLanguage":"fr-FR","potentialAction":[{"@type":"ReadAction","target":["https:\/\/cinemadautomne.fr\/?page_id=5090"]}]},{"@type":"ImageObject","inLanguage":"fr-FR","@id":"https:\/\/cinemadautomne.fr\/?page_id=5090#primaryimage","url":"https:\/\/cinemadautomne.fr\/wp-content\/uploads\/2025\/04\/2024.jpg","contentUrl":"https:\/\/cinemadautomne.fr\/wp-content\/uploads\/2025\/04\/2024.jpg","width":1760,"height":2342},{"@type":"BreadcrumbList","@id":"https:\/\/cinemadautomne.fr\/?page_id=5090#breadcrumb","itemListElement":[{"@type":"ListItem","position":1,"name":"Accueil","item":"https:\/\/cinemadautomne.fr\/"},{"@type":"ListItem","position":2,"name":"Galerie","item":"https:\/\/cinemadautomne.fr\/?page_id=5086"},{"@type":"ListItem","position":3,"name":"Affiches"}]},{"@type":"WebSite","@id":"https:\/\/cinemadautomne.fr\/#website","url":"https:\/\/cinemadautomne.fr\/","name":"Festival Cin\u00e9ma d'ici","description":"du 24 au 28 septembre \u00e0 Castelnaudary","publisher":{"@id":"https:\/\/cinemadautomne.fr\/#organization"},"potentialAction":[{"@type":"SearchAction","target":{"@type":"EntryPoint","urlTemplate":"https:\/\/cinemadautomne.fr\/?s={search_term_string}"},"query-input":{"@type":"PropertyValueSpecification","valueRequired":true,"valueName":"search_term_string"}}],"inLanguage":"fr-FR"},{"@type":"Organization","@id":"https:\/\/cinemadautomne.fr\/#organization","name":"Festival Cin\u00e9ma d'ici","url":"https:\/\/cinemadautomne.fr\/","logo":{"@type":"ImageObject","inLanguage":"fr-FR","@id":"https:\/\/cinemadautomne.fr\/#\/schema\/logo\/image\/","url":"https:\/\/cinemadautomne.fr\/wp-content\/uploads\/2021\/09\/CinemaDAutomnedivers_LogoFinal_03LieDeVin_RVB_Plan-de-travail-1-e1631457910433.jpg","contentUrl":"https:\/\/cinemadautomne.fr\/wp-content\/uploads\/2021\/09\/CinemaDAutomnedivers_LogoFinal_03LieDeVin_RVB_Plan-de-travail-1-e1631457910433.jpg","width":350,"height":223,"caption":"Festival Cin\u00e9ma d'ici"},"image":{"@id":"https:\/\/cinemadautomne.fr\/#\/schema\/logo\/image\/"},"sameAs":["https:\/\/www.facebook.com\/cinemadautomne","https:\/\/www.instagram.com\/festivalcineautomne\/"]}]}},"_links":{"self":[{"href":"https:\/\/cinemadautomne.fr\/index.php?rest_route=\/wp\/v2\/pages\/5090","targetHints":{"allow":["GET"]}}],"collection":[{"href":"https:\/\/cinemadautomne.fr\/index.php?rest_route=\/wp\/v2\/pages"}],"about":[{"href":"https:\/\/cinemadautomne.fr\/index.php?rest_route=\/wp\/v2\/types\/page"}],"author":[{"embeddable":true,"href":"https:\/\/cinemadautomne.fr\/index.php?rest_route=\/wp\/v2\/users\/4"}],"replies":[{"embeddable":true,"href":"https:\/\/cinemadautomne.fr\/index.php?rest_route=%2Fwp%2Fv2%2Fcomments&post=5090"}],"version-history":[{"count":3,"href":"https:\/\/cinemadautomne.fr\/index.php?rest_route=\/wp\/v2\/pages\/5090\/revisions"}],"predecessor-version":[{"id":5344,"href":"https:\/\/cinemadautomne.fr\/index.php?rest_route=\/wp\/v2\/pages\/5090\/revisions\/5344"}],"up":[{"embeddable":true,"href":"https:\/\/cinemadautomne.fr\/index.php?rest_route=\/wp\/v2\/pages\/5086"}],"wp:attachment":[{"href":"https:\/\/cinemadautomne.fr\/index.php?rest_route=%2Fwp%2Fv2%2Fmedia&parent=5090"}],"curies":[{"name":"wp","href":"https:\/\/api.w.org\/{rel}","templated":true}]}}