{"id":5074,"date":"2025-04-27T10:46:49","date_gmt":"2025-04-27T10:46:49","guid":{"rendered":"https:\/\/cinemadautomne.fr\/?page_id=5074"},"modified":"2025-09-13T12:46:47","modified_gmt":"2025-09-13T12:46:47","slug":"accueil-2","status":"publish","type":"page","link":"https:\/\/cinemadautomne.fr\/","title":{"rendered":"Le premier festival des films occitans revient \u00e0 Castelnaudary !"},"content":{"rendered":"\t\t<div data-elementor-type=\"wp-page\" data-elementor-id=\"5074\" class=\"elementor elementor-5074\">\n\t\t\t\t<div class=\"elementor-element elementor-element-4012121 e-flex e-con-boxed e-con e-parent\" data-id=\"4012121\" data-element_type=\"container\" data-settings=\"{&quot;shape_divider_top&quot;:&quot;mountains&quot;}\">\n\t\t\t\t\t<div class=\"e-con-inner\">\n\t\t\t\t<div class=\"elementor-shape elementor-shape-top\" aria-hidden=\"true\" data-negative=\"false\">\n\t\t\t<svg xmlns=\"http:\/\/www.w3.org\/2000\/svg\" viewBox=\"0 0 1000 100\" preserveAspectRatio=\"none\">\n\t<path class=\"elementor-shape-fill\" opacity=\"0.33\" d=\"M473,67.3c-203.9,88.3-263.1-34-320.3,0C66,119.1,0,59.7,0,59.7V0h1000v59.7 c0,0-62.1,26.1-94.9,29.3c-32.8,3.3-62.8-12.3-75.8-22.1C806,49.6,745.3,8.7,694.9,4.7S492.4,59,473,67.3z\"\/>\n\t<path class=\"elementor-shape-fill\" opacity=\"0.66\" d=\"M734,67.3c-45.5,0-77.2-23.2-129.1-39.1c-28.6-8.7-150.3-10.1-254,39.1 s-91.7-34.4-149.2,0C115.7,118.3,0,39.8,0,39.8V0h1000v36.5c0,0-28.2-18.5-92.1-18.5C810.2,18.1,775.7,67.3,734,67.3z\"\/>\n\t<path class=\"elementor-shape-fill\" d=\"M766.1,28.9c-200-57.5-266,65.5-395.1,19.5C242,1.8,242,5.4,184.8,20.6C128,35.8,132.3,44.9,89.9,52.5C28.6,63.7,0,0,0,0 h1000c0,0-9.9,40.9-83.6,48.1S829.6,47,766.1,28.9z\"\/>\n<\/svg>\t\t<\/div>\n\t\t\t\t<div class=\"elementor-element elementor-element-d67992d elementor-widget elementor-widget-heading\" data-id=\"d67992d\" data-element_type=\"widget\" data-widget_type=\"heading.default\">\n\t\t\t\t\t<h1 class=\"elementor-heading-title elementor-size-default\">Le premier festival des films tourn\u00e9s en Occitanie revient \u00e0 Castelnaudary !<\/h1>\t\t\t\t<\/div>\n\t\t\t\t\t<\/div>\n\t\t\t\t<\/div>\n\t\t<div class=\"elementor-element elementor-element-533dc21 e-flex e-con-boxed e-con e-parent\" data-id=\"533dc21\" data-element_type=\"container\">\n\t\t\t\t\t<div class=\"e-con-inner\">\n\t\t\t\t<div class=\"elementor-element elementor-element-006d176 elementor-widget elementor-widget-heading\" data-id=\"006d176\" data-element_type=\"widget\" data-widget_type=\"heading.default\">\n\t\t\t\t\t<h2 class=\"elementor-heading-title elementor-size-default\">le Cin\u00e9ma de notre r\u00e9gion sur grand \u00e9cran<\/h2>\t\t\t\t<\/div>\n\t\t\t\t<div class=\"elementor-element elementor-element-bb9a970 elementor-widget elementor-widget-text-editor\" data-id=\"bb9a970\" data-element_type=\"widget\" data-widget_type=\"text-editor.default\">\n\t\t\t\t\t\t\t\t\t<p>Chaque mois de septembre \u00e0 Castelnaudary, le <a href=\"https:\/\/cinemadautomne.fr\/?page_id=5080\" target=\"_blank\" rel=\"noopener\"><strong>Festival Cin\u00e9ma d\u2019Ici<\/strong><\/a> c\u00e9l\u00e8bre les films tourn\u00e9s ou pens\u00e9s en <strong>Occitanie<\/strong>. Fictions, documentaires, animations, courts ou longs m\u00e9trages : notre programmation met en lumi\u00e8re les talents d\u2019ici et les r\u00e9cits enracin\u00e9s dans notre territoire.<\/p>\n<p><strong>Projections, rencontres, avant-premi\u00e8res<\/strong>\u2026 Le festival, port\u00e9 par l\u2019association Cin\u00e9ma d\u2019Automne et divers, offre un moment chaleureux, ouvert \u00e0 tous, pour d\u00e9couvrir un cin\u00e9ma singulier, vivant et profond\u00e9ment humain.<\/p>\n<p><!-- \/wp:paragraph --><!-- wp:paragraph {\"style\":{\"elements\":{\"link\":{\"color\":{\"text\":\"var:preset|color|custom-base-fonc\"}}}},\"textColor\":\"custom-base-fonc\",\"fontSize\":\"custom-1\"} --><\/p>\n<p class=\"has-custom-base-fonc-color has-text-color has-link-color has-custom-1-font-size\">\u00a0<\/p>\t\t\t\t\t\t\t\t<\/div>\n\t\t\t\t<div class=\"elementor-element elementor-element-183eeb9 elementor-widget elementor-widget-heading\" data-id=\"183eeb9\" data-element_type=\"widget\" data-widget_type=\"heading.default\">\n\t\t\t\t\t<h3 class=\"elementor-heading-title elementor-size-default\">Rejoignez-nous cet automne du 24 au 28 septembre \npour partager l\u2019\u00e9motion du grand \u00e9cran, \u00e0 taille humaine !<\/h3>\t\t\t\t<\/div>\n\t\t\t\t<div class=\"elementor-element elementor-element-cd8e3ec elementor-widget elementor-widget-image\" data-id=\"cd8e3ec\" data-element_type=\"widget\" data-widget_type=\"image.default\">\n\t\t\t\t\t\t\t\t\t\t\t\t\t\t\t<img fetchpriority=\"high\" decoding=\"async\" width=\"960\" height=\"1358\" src=\"https:\/\/cinemadautomne.fr\/wp-content\/uploads\/2025\/06\/CinemaDici-2025_AfficheA3_VisuelOK_page-0001-960x1358.jpg\" class=\"attachment-large size-large wp-image-5356\" alt=\"Festival Cin\u00e9ma d&#039;ici \u00e0 Castelnaudary\" srcset=\"https:\/\/cinemadautomne.fr\/wp-content\/uploads\/2025\/06\/CinemaDici-2025_AfficheA3_VisuelOK_page-0001-960x1358.jpg 960w, https:\/\/cinemadautomne.fr\/wp-content\/uploads\/2025\/06\/CinemaDici-2025_AfficheA3_VisuelOK_page-0001-595x842.jpg 595w, https:\/\/cinemadautomne.fr\/wp-content\/uploads\/2025\/06\/CinemaDici-2025_AfficheA3_VisuelOK_page-0001-768x1086.jpg 768w, https:\/\/cinemadautomne.fr\/wp-content\/uploads\/2025\/06\/CinemaDici-2025_AfficheA3_VisuelOK_page-0001-1086x1536.jpg 1086w, https:\/\/cinemadautomne.fr\/wp-content\/uploads\/2025\/06\/CinemaDici-2025_AfficheA3_VisuelOK_page-0001-1448x2048.jpg 1448w, https:\/\/cinemadautomne.fr\/wp-content\/uploads\/2025\/06\/CinemaDici-2025_AfficheA3_VisuelOK_page-0001.jpg 1754w\" sizes=\"(max-width: 960px) 100vw, 960px\" \/>\t\t\t\t\t\t\t\t\t\t\t\t\t\t\t<\/div>\n\t\t\t\t<div class=\"elementor-element elementor-element-7f695d3 elementor-widget-divider--view-line elementor-widget elementor-widget-divider\" data-id=\"7f695d3\" data-element_type=\"widget\" data-widget_type=\"divider.default\">\n\t\t\t\t\t\t\t<div class=\"elementor-divider\">\n\t\t\t<span class=\"elementor-divider-separator\">\n\t\t\t\t\t\t<\/span>\n\t\t<\/div>\n\t\t\t\t\t\t<\/div>\n\t\t<div class=\"elementor-element elementor-element-604bbd0 e-grid e-con-full e-con e-child\" data-id=\"604bbd0\" data-element_type=\"container\" data-settings=\"{&quot;shape_divider_bottom&quot;:&quot;mountains&quot;}\">\n\t\t\t\t<div class=\"elementor-shape elementor-shape-bottom\" aria-hidden=\"true\" data-negative=\"false\">\n\t\t\t<svg xmlns=\"http:\/\/www.w3.org\/2000\/svg\" viewBox=\"0 0 1000 100\" preserveAspectRatio=\"none\">\n\t<path class=\"elementor-shape-fill\" opacity=\"0.33\" d=\"M473,67.3c-203.9,88.3-263.1-34-320.3,0C66,119.1,0,59.7,0,59.7V0h1000v59.7 c0,0-62.1,26.1-94.9,29.3c-32.8,3.3-62.8-12.3-75.8-22.1C806,49.6,745.3,8.7,694.9,4.7S492.4,59,473,67.3z\"\/>\n\t<path class=\"elementor-shape-fill\" opacity=\"0.66\" d=\"M734,67.3c-45.5,0-77.2-23.2-129.1-39.1c-28.6-8.7-150.3-10.1-254,39.1 s-91.7-34.4-149.2,0C115.7,118.3,0,39.8,0,39.8V0h1000v36.5c0,0-28.2-18.5-92.1-18.5C810.2,18.1,775.7,67.3,734,67.3z\"\/>\n\t<path class=\"elementor-shape-fill\" d=\"M766.1,28.9c-200-57.5-266,65.5-395.1,19.5C242,1.8,242,5.4,184.8,20.6C128,35.8,132.3,44.9,89.9,52.5C28.6,63.7,0,0,0,0 h1000c0,0-9.9,40.9-83.6,48.1S829.6,47,766.1,28.9z\"\/>\n<\/svg>\t\t<\/div>\n\t\t\t\t<div class=\"elementor-element elementor-element-9805fcc elementor-widget elementor-widget-text-editor\" data-id=\"9805fcc\" data-element_type=\"widget\" data-widget_type=\"text-editor.default\">\n\t\t\t\t\t\t\t\t\t<h2>FESTIVAL<\/h2>\n<p>D\u00e9couvrez l\u2019esprit du Festival Cin\u00e9ma d\u2019Ici, ses valeurs, son \u00e9quipe, et les invit\u00e9\u00b7es qui font vibrer chaque \u00e9dition.<\/p>\t\t\t\t\t\t\t\t<\/div>\n\t\t\t\t<div class=\"elementor-element elementor-element-7949f3a elementor-widget elementor-widget-text-editor\" data-id=\"7949f3a\" data-element_type=\"widget\" data-widget_type=\"text-editor.default\">\n\t\t\t\t\t\t\t\t\t<h2>PARTENAIRES<\/h2>\n<p>Institutions, associations, m\u00e9dias ou soutiens locaux : nos partenaires rendent cette aventure possible chaque ann\u00e9e.<\/p>\t\t\t\t\t\t\t\t<\/div>\n\t\t\t\t<div class=\"elementor-element elementor-element-159d383 elementor-widget elementor-widget-text-editor\" data-id=\"159d383\" data-element_type=\"widget\" data-widget_type=\"text-editor.default\">\n\t\t\t\t\t\t\t\t\t<h2>INFOS<\/h2>\n<p>Pr\u00e9parez votre venue : acc\u00e8s, billetterie, contact\u2026 toutes les infos pratiques pour profiter pleinement du festival.<\/p>\t\t\t\t\t\t\t\t<\/div>\n\t\t\t\t<div class=\"elementor-element elementor-element-c5230cf elementor-align-center elementor-widget elementor-widget-button\" data-id=\"c5230cf\" data-element_type=\"widget\" data-widget_type=\"button.default\">\n\t\t\t\t\t\t\t\t\t\t<a class=\"elementor-button elementor-button-link elementor-size-sm\" href=\"https:\/\/cinemadautomne.fr\/?page_id=5076\">\n\t\t\t\t\t\t<span class=\"elementor-button-content-wrapper\">\n\t\t\t\t\t\t\t\t\t<span class=\"elementor-button-text\">Le festival<\/span>\n\t\t\t\t\t<\/span>\n\t\t\t\t\t<\/a>\n\t\t\t\t\t\t\t\t<\/div>\n\t\t\t\t<div class=\"elementor-element elementor-element-aae7e29 elementor-align-center elementor-widget elementor-widget-button\" data-id=\"aae7e29\" data-element_type=\"widget\" data-widget_type=\"button.default\">\n\t\t\t\t\t\t\t\t\t\t<a class=\"elementor-button elementor-button-link elementor-size-sm\" href=\"https:\/\/cinemadautomne.fr\/?page_id=5092\">\n\t\t\t\t\t\t<span class=\"elementor-button-content-wrapper\">\n\t\t\t\t\t\t\t\t\t<span class=\"elementor-button-text\">Nos partenaires<\/span>\n\t\t\t\t\t<\/span>\n\t\t\t\t\t<\/a>\n\t\t\t\t\t\t\t\t<\/div>\n\t\t\t\t<div class=\"elementor-element elementor-element-db5efcc elementor-align-center elementor-widget elementor-widget-button\" data-id=\"db5efcc\" data-element_type=\"widget\" data-widget_type=\"button.default\">\n\t\t\t\t\t\t\t\t\t\t<a class=\"elementor-button elementor-button-link elementor-size-sm\" href=\"https:\/\/cinemadautomne.fr\/?page_id=5094\">\n\t\t\t\t\t\t<span class=\"elementor-button-content-wrapper\">\n\t\t\t\t\t\t\t\t\t<span class=\"elementor-button-text\">en savoir plus<\/span>\n\t\t\t\t\t<\/span>\n\t\t\t\t\t<\/a>\n\t\t\t\t\t\t\t\t<\/div>\n\t\t\t\t<\/div>\n\t\t\t\t\t<\/div>\n\t\t\t\t<\/div>\n\t\t\t\t<\/div>\n\t\t<!-- AddThis Advanced Settings generic via filter on the_content --><!-- AddThis Share Buttons generic via filter on the_content -->","protected":false},"excerpt":{"rendered":"<p>Le premier festival des films tourn\u00e9s en Occitanie revient \u00e0 Castelnaudary ! le Cin\u00e9ma de notre r\u00e9gion sur grand \u00e9cran [&hellip;]<!-- AddThis Advanced Settings generic via filter on get_the_excerpt --><!-- AddThis Share Buttons generic via filter on get_the_excerpt --><\/p>\n","protected":false},"author":4,"featured_media":6175,"parent":0,"menu_order":0,"comment_status":"closed","ping_status":"closed","template":"","meta":{"site-sidebar-layout":"default","site-content-layout":"","ast-site-content-layout":"default","site-content-style":"default","site-sidebar-style":"default","ast-global-header-display":"","ast-banner-title-visibility":"","ast-main-header-display":"","ast-hfb-above-header-display":"","ast-hfb-below-header-display":"","ast-hfb-mobile-header-display":"","site-post-title":"disabled","ast-breadcrumbs-content":"","ast-featured-img":"","footer-sml-layout":"","theme-transparent-header-meta":"","adv-header-id-meta":"","stick-header-meta":"","header-above-stick-meta":"","header-main-stick-meta":"","header-below-stick-meta":"","astra-migrate-meta-layouts":"default","ast-page-background-enabled":"default","ast-page-background-meta":{"desktop":{"background-color":"var(--ast-global-color-5)","background-image":"","background-repeat":"repeat","background-position":"center center","background-size":"auto","background-attachment":"scroll","background-type":"","background-media":"","overlay-type":"","overlay-color":"","overlay-opacity":"","overlay-gradient":""},"tablet":{"background-color":"","background-image":"","background-repeat":"repeat","background-position":"center center","background-size":"auto","background-attachment":"scroll","background-type":"","background-media":"","overlay-type":"","overlay-color":"","overlay-opacity":"","overlay-gradient":""},"mobile":{"background-color":"","background-image":"","background-repeat":"repeat","background-position":"center center","background-size":"auto","background-attachment":"scroll","background-type":"","background-media":"","overlay-type":"","overlay-color":"","overlay-opacity":"","overlay-gradient":""}},"ast-content-background-meta":{"desktop":{"background-color":"var(--ast-global-color-4)","background-image":"","background-repeat":"repeat","background-position":"center center","background-size":"auto","background-attachment":"scroll","background-type":"","background-media":"","overlay-type":"","overlay-color":"","overlay-opacity":"","overlay-gradient":""},"tablet":{"background-color":"var(--ast-global-color-4)","background-image":"","background-repeat":"repeat","background-position":"center center","background-size":"auto","background-attachment":"scroll","background-type":"","background-media":"","overlay-type":"","overlay-color":"","overlay-opacity":"","overlay-gradient":""},"mobile":{"background-color":"var(--ast-global-color-4)","background-image":"","background-repeat":"repeat","background-position":"center center","background-size":"auto","background-attachment":"scroll","background-type":"","background-media":"","overlay-type":"","overlay-color":"","overlay-opacity":"","overlay-gradient":""}},"footnotes":""},"class_list":["post-5074","page","type-page","status-publish","has-post-thumbnail","hentry"],"yoast_head":"<!-- This site is optimized with the Yoast SEO plugin v25.5 - https:\/\/yoast.com\/wordpress\/plugins\/seo\/ -->\n<title>Le premier festival des films occitans revient \u00e0 Castelnaudary ! - Festival Cin\u00e9ma d&#039;ici<\/title>\n<meta name=\"description\" content=\"Le Festival Cin\u00e9ma d&#039;Ici met en lumi\u00e8re le cin\u00e9ma \u00e9crit, tourn\u00e9 ou produit en Occitanie. Un \u00e9v\u00e9nement incontournable \u00e0 (re)d\u00e9couvrir du 24 au 28 septembre 2025.\" \/>\n<meta name=\"robots\" content=\"index, follow, max-snippet:-1, max-image-preview:large, max-video-preview:-1\" \/>\n<link rel=\"canonical\" href=\"https:\/\/cinemadautomne.fr\/\" \/>\n<meta property=\"og:locale\" content=\"fr_FR\" \/>\n<meta property=\"og:type\" content=\"article\" \/>\n<meta property=\"og:title\" content=\"Le premier festival des films occitans revient \u00e0 Castelnaudary ! - Festival Cin\u00e9ma d&#039;ici\" \/>\n<meta property=\"og:description\" content=\"Le Festival Cin\u00e9ma d&#039;Ici met en lumi\u00e8re le cin\u00e9ma \u00e9crit, tourn\u00e9 ou produit en Occitanie. Un \u00e9v\u00e9nement incontournable \u00e0 (re)d\u00e9couvrir du 24 au 28 septembre 2025.\" \/>\n<meta property=\"og:url\" content=\"https:\/\/cinemadautomne.fr\/\" \/>\n<meta property=\"og:site_name\" content=\"Festival Cin\u00e9ma d&#039;ici\" \/>\n<meta property=\"article:publisher\" content=\"https:\/\/www.facebook.com\/cinemadautomne\" \/>\n<meta property=\"article:modified_time\" content=\"2025-09-13T12:46:47+00:00\" \/>\n<meta property=\"og:image\" content=\"https:\/\/cinemadautomne.fr\/wp-content\/uploads\/2025\/09\/fest-cinema-dici.jpg\" \/>\n\t<meta property=\"og:image:width\" content=\"1600\" \/>\n\t<meta property=\"og:image:height\" content=\"900\" \/>\n\t<meta property=\"og:image:type\" content=\"image\/jpeg\" \/>\n<meta name=\"twitter:card\" content=\"summary_large_image\" \/>\n<meta name=\"twitter:label1\" content=\"Dur\u00e9e de lecture estim\u00e9e\" \/>\n\t<meta name=\"twitter:data1\" content=\"1 minute\" \/>\n<script type=\"application\/ld+json\" class=\"yoast-schema-graph\">{\"@context\":\"https:\/\/schema.org\",\"@graph\":[{\"@type\":\"WebPage\",\"@id\":\"https:\/\/cinemadautomne.fr\/\",\"url\":\"https:\/\/cinemadautomne.fr\/\",\"name\":\"Le premier festival des films occitans revient \u00e0 Castelnaudary ! - Festival Cin\u00e9ma d&#039;ici\",\"isPartOf\":{\"@id\":\"https:\/\/cinemadautomne.fr\/#website\"},\"primaryImageOfPage\":{\"@id\":\"https:\/\/cinemadautomne.fr\/#primaryimage\"},\"image\":{\"@id\":\"https:\/\/cinemadautomne.fr\/#primaryimage\"},\"thumbnailUrl\":\"https:\/\/cinemadautomne.fr\/wp-content\/uploads\/2025\/09\/fest-cinema-dici.jpg\",\"datePublished\":\"2025-04-27T10:46:49+00:00\",\"dateModified\":\"2025-09-13T12:46:47+00:00\",\"description\":\"Le Festival Cin\u00e9ma d'Ici met en lumi\u00e8re le cin\u00e9ma \u00e9crit, tourn\u00e9 ou produit en Occitanie. Un \u00e9v\u00e9nement incontournable \u00e0 (re)d\u00e9couvrir du 24 au 28 septembre 2025.\",\"breadcrumb\":{\"@id\":\"https:\/\/cinemadautomne.fr\/#breadcrumb\"},\"inLanguage\":\"fr-FR\",\"potentialAction\":[{\"@type\":\"ReadAction\",\"target\":[\"https:\/\/cinemadautomne.fr\/\"]}]},{\"@type\":\"ImageObject\",\"inLanguage\":\"fr-FR\",\"@id\":\"https:\/\/cinemadautomne.fr\/#primaryimage\",\"url\":\"https:\/\/cinemadautomne.fr\/wp-content\/uploads\/2025\/09\/fest-cinema-dici.jpg\",\"contentUrl\":\"https:\/\/cinemadautomne.fr\/wp-content\/uploads\/2025\/09\/fest-cinema-dici.jpg\",\"width\":1600,\"height\":900,\"caption\":\"Festival Cin\u00e9ma d'Ici \u00e0 Castelnaudary\"},{\"@type\":\"BreadcrumbList\",\"@id\":\"https:\/\/cinemadautomne.fr\/#breadcrumb\",\"itemListElement\":[{\"@type\":\"ListItem\",\"position\":1,\"name\":\"Accueil\",\"item\":\"https:\/\/cinemadautomne.fr\/\"},{\"@type\":\"ListItem\",\"position\":2,\"name\":\"Le premier festival des films occitans revient \u00e0 Castelnaudary !\"}]},{\"@type\":\"WebSite\",\"@id\":\"https:\/\/cinemadautomne.fr\/#website\",\"url\":\"https:\/\/cinemadautomne.fr\/\",\"name\":\"Festival Cin\u00e9ma d'ici\",\"description\":\"du 24 au 28 septembre \u00e0 Castelnaudary\",\"publisher\":{\"@id\":\"https:\/\/cinemadautomne.fr\/#organization\"},\"potentialAction\":[{\"@type\":\"SearchAction\",\"target\":{\"@type\":\"EntryPoint\",\"urlTemplate\":\"https:\/\/cinemadautomne.fr\/?s={search_term_string}\"},\"query-input\":{\"@type\":\"PropertyValueSpecification\",\"valueRequired\":true,\"valueName\":\"search_term_string\"}}],\"inLanguage\":\"fr-FR\"},{\"@type\":\"Organization\",\"@id\":\"https:\/\/cinemadautomne.fr\/#organization\",\"name\":\"Festival Cin\u00e9ma d'ici\",\"url\":\"https:\/\/cinemadautomne.fr\/\",\"logo\":{\"@type\":\"ImageObject\",\"inLanguage\":\"fr-FR\",\"@id\":\"https:\/\/cinemadautomne.fr\/#\/schema\/logo\/image\/\",\"url\":\"https:\/\/cinemadautomne.fr\/wp-content\/uploads\/2021\/09\/CinemaDAutomnedivers_LogoFinal_03LieDeVin_RVB_Plan-de-travail-1-e1631457910433.jpg\",\"contentUrl\":\"https:\/\/cinemadautomne.fr\/wp-content\/uploads\/2021\/09\/CinemaDAutomnedivers_LogoFinal_03LieDeVin_RVB_Plan-de-travail-1-e1631457910433.jpg\",\"width\":350,\"height\":223,\"caption\":\"Festival Cin\u00e9ma d'ici\"},\"image\":{\"@id\":\"https:\/\/cinemadautomne.fr\/#\/schema\/logo\/image\/\"},\"sameAs\":[\"https:\/\/www.facebook.com\/cinemadautomne\",\"https:\/\/www.instagram.com\/festivalcineautomne\/\"]}]}<\/script>\n<!-- \/ Yoast SEO plugin. -->","yoast_head_json":{"title":"Le premier festival des films occitans revient \u00e0 Castelnaudary ! - Festival Cin\u00e9ma d&#039;ici","description":"Le Festival Cin\u00e9ma d'Ici met en lumi\u00e8re le cin\u00e9ma \u00e9crit, tourn\u00e9 ou produit en Occitanie. Un \u00e9v\u00e9nement incontournable \u00e0 (re)d\u00e9couvrir du 24 au 28 septembre 2025.","robots":{"index":"index","follow":"follow","max-snippet":"max-snippet:-1","max-image-preview":"max-image-preview:large","max-video-preview":"max-video-preview:-1"},"canonical":"https:\/\/cinemadautomne.fr\/","og_locale":"fr_FR","og_type":"article","og_title":"Le premier festival des films occitans revient \u00e0 Castelnaudary ! - Festival Cin\u00e9ma d&#039;ici","og_description":"Le Festival Cin\u00e9ma d'Ici met en lumi\u00e8re le cin\u00e9ma \u00e9crit, tourn\u00e9 ou produit en Occitanie. Un \u00e9v\u00e9nement incontournable \u00e0 (re)d\u00e9couvrir du 24 au 28 septembre 2025.","og_url":"https:\/\/cinemadautomne.fr\/","og_site_name":"Festival Cin\u00e9ma d&#039;ici","article_publisher":"https:\/\/www.facebook.com\/cinemadautomne","article_modified_time":"2025-09-13T12:46:47+00:00","og_image":[{"width":1600,"height":900,"url":"https:\/\/cinemadautomne.fr\/wp-content\/uploads\/2025\/09\/fest-cinema-dici.jpg","type":"image\/jpeg"}],"twitter_card":"summary_large_image","twitter_misc":{"Dur\u00e9e de lecture estim\u00e9e":"1 minute"},"schema":{"@context":"https:\/\/schema.org","@graph":[{"@type":"WebPage","@id":"https:\/\/cinemadautomne.fr\/","url":"https:\/\/cinemadautomne.fr\/","name":"Le premier festival des films occitans revient \u00e0 Castelnaudary ! - Festival Cin\u00e9ma d&#039;ici","isPartOf":{"@id":"https:\/\/cinemadautomne.fr\/#website"},"primaryImageOfPage":{"@id":"https:\/\/cinemadautomne.fr\/#primaryimage"},"image":{"@id":"https:\/\/cinemadautomne.fr\/#primaryimage"},"thumbnailUrl":"https:\/\/cinemadautomne.fr\/wp-content\/uploads\/2025\/09\/fest-cinema-dici.jpg","datePublished":"2025-04-27T10:46:49+00:00","dateModified":"2025-09-13T12:46:47+00:00","description":"Le Festival Cin\u00e9ma d'Ici met en lumi\u00e8re le cin\u00e9ma \u00e9crit, tourn\u00e9 ou produit en Occitanie. Un \u00e9v\u00e9nement incontournable \u00e0 (re)d\u00e9couvrir du 24 au 28 septembre 2025.","breadcrumb":{"@id":"https:\/\/cinemadautomne.fr\/#breadcrumb"},"inLanguage":"fr-FR","potentialAction":[{"@type":"ReadAction","target":["https:\/\/cinemadautomne.fr\/"]}]},{"@type":"ImageObject","inLanguage":"fr-FR","@id":"https:\/\/cinemadautomne.fr\/#primaryimage","url":"https:\/\/cinemadautomne.fr\/wp-content\/uploads\/2025\/09\/fest-cinema-dici.jpg","contentUrl":"https:\/\/cinemadautomne.fr\/wp-content\/uploads\/2025\/09\/fest-cinema-dici.jpg","width":1600,"height":900,"caption":"Festival Cin\u00e9ma d'Ici \u00e0 Castelnaudary"},{"@type":"BreadcrumbList","@id":"https:\/\/cinemadautomne.fr\/#breadcrumb","itemListElement":[{"@type":"ListItem","position":1,"name":"Accueil","item":"https:\/\/cinemadautomne.fr\/"},{"@type":"ListItem","position":2,"name":"Le premier festival des films occitans revient \u00e0 Castelnaudary !"}]},{"@type":"WebSite","@id":"https:\/\/cinemadautomne.fr\/#website","url":"https:\/\/cinemadautomne.fr\/","name":"Festival Cin\u00e9ma d'ici","description":"du 24 au 28 septembre \u00e0 Castelnaudary","publisher":{"@id":"https:\/\/cinemadautomne.fr\/#organization"},"potentialAction":[{"@type":"SearchAction","target":{"@type":"EntryPoint","urlTemplate":"https:\/\/cinemadautomne.fr\/?s={search_term_string}"},"query-input":{"@type":"PropertyValueSpecification","valueRequired":true,"valueName":"search_term_string"}}],"inLanguage":"fr-FR"},{"@type":"Organization","@id":"https:\/\/cinemadautomne.fr\/#organization","name":"Festival Cin\u00e9ma d'ici","url":"https:\/\/cinemadautomne.fr\/","logo":{"@type":"ImageObject","inLanguage":"fr-FR","@id":"https:\/\/cinemadautomne.fr\/#\/schema\/logo\/image\/","url":"https:\/\/cinemadautomne.fr\/wp-content\/uploads\/2021\/09\/CinemaDAutomnedivers_LogoFinal_03LieDeVin_RVB_Plan-de-travail-1-e1631457910433.jpg","contentUrl":"https:\/\/cinemadautomne.fr\/wp-content\/uploads\/2021\/09\/CinemaDAutomnedivers_LogoFinal_03LieDeVin_RVB_Plan-de-travail-1-e1631457910433.jpg","width":350,"height":223,"caption":"Festival Cin\u00e9ma d'ici"},"image":{"@id":"https:\/\/cinemadautomne.fr\/#\/schema\/logo\/image\/"},"sameAs":["https:\/\/www.facebook.com\/cinemadautomne","https:\/\/www.instagram.com\/festivalcineautomne\/"]}]}},"_links":{"self":[{"href":"https:\/\/cinemadautomne.fr\/index.php?rest_route=\/wp\/v2\/pages\/5074","targetHints":{"allow":["GET"]}}],"collection":[{"href":"https:\/\/cinemadautomne.fr\/index.php?rest_route=\/wp\/v2\/pages"}],"about":[{"href":"https:\/\/cinemadautomne.fr\/index.php?rest_route=\/wp\/v2\/types\/page"}],"author":[{"embeddable":true,"href":"https:\/\/cinemadautomne.fr\/index.php?rest_route=\/wp\/v2\/users\/4"}],"replies":[{"embeddable":true,"href":"https:\/\/cinemadautomne.fr\/index.php?rest_route=%2Fwp%2Fv2%2Fcomments&post=5074"}],"version-history":[{"count":79,"href":"https:\/\/cinemadautomne.fr\/index.php?rest_route=\/wp\/v2\/pages\/5074\/revisions"}],"predecessor-version":[{"id":6278,"href":"https:\/\/cinemadautomne.fr\/index.php?rest_route=\/wp\/v2\/pages\/5074\/revisions\/6278"}],"wp:featuredmedia":[{"embeddable":true,"href":"https:\/\/cinemadautomne.fr\/index.php?rest_route=\/wp\/v2\/media\/6175"}],"wp:attachment":[{"href":"https:\/\/cinemadautomne.fr\/index.php?rest_route=%2Fwp%2Fv2%2Fmedia&parent=5074"}],"curies":[{"name":"wp","href":"https:\/\/api.w.org\/{rel}","templated":true}]}}